{"id":3388,"date":"2024-02-18T13:40:53","date_gmt":"2024-02-18T11:40:53","guid":{"rendered":"https:\/\/gladiatorchallenge.md\/?page_id=3388"},"modified":"2024-02-22T15:58:44","modified_gmt":"2024-02-22T13:58:44","slug":"despre-noi","status":"publish","type":"page","link":"https:\/\/gladiatorchallenge.md\/ru\/despre-noi\/","title":{"rendered":"\u041e \u041d\u0410\u0421"},"content":{"rendered":"<div id=\"fws_69fb4bc6bfefa\"  data-column-margin=\"none\" data-midnight=\"custom\" data-top-percent=\"10%\" data-bottom-percent=\"5%\"  class=\"wpb_row vc_row-fluid vc_row full-width-section hom1block top_padding_tablet_30pct top_padding_phone_50pct bottom_padding_tablet_30pct bottom_padding_phone_30pct\"  style=\"padding-top: calc(100vw * 0.10); padding-bottom: calc(100vw * 0.05); \"><div class=\"row-bg-wrap\" data-bg-animation=\"zoom-out\" data-bg-animation-delay=\"\" data-bg-overlay=\"false\"><div class=\"inner-wrap row-bg-layer using-image\" ><div class=\"row-bg viewport-desktop using-image has-phone\"  style=\"\"><\/div><div class=\"row-bg viewport-phone using-image\"  style=\"background-image: url(https:\/\/gladiatorchallenge.md\/wp-content\/uploads\/2023\/09\/phone-3.jpg); background-position: ; background-repeat: ; \"><\/div><\/div><div class=\"row-bg-overlay row-bg-layer\" style=\"background:linear-gradient(180deg, rgba(0,0,0,0) 81%, rgb(0,0,0) 100%);\"><\/div><\/div><div class=\"row_col_wrap_12 col span_12 custom left\">\n\t<div  class=\"vc_col-sm-12 z-index11 wpb_column column_container vc_column_container col no-extra-padding force-phone-text-align-center el_spacing_0px inherit_tablet inherit_phone\"  data-padding-pos=\"all\" data-has-bg-color=\"false\" data-bg-color=\"\" data-bg-opacity=\"1\" data-animation=\"\" data-delay=\"0\" >\n\t\t<div class=\"vc_column-inner\" >\n\t\t\t<div class=\"wpb_wrapper\">\n\t\t\t\t<div class=\"divider-wrap\" data-alignment=\"default\"><div style=\"height: 25px;\" class=\"divider\"><\/div><\/div><div class=\"img-with-aniamtion-wrap center custom-size\" data-max-width=\"100%\" data-max-width-mobile=\"default\" data-shadow=\"none\" data-animation=\"none\" >\n      <div class=\"inner\">\n        <div class=\"hover-wrap\"> \n          <div class=\"hover-wrap-inner\">\n            <img loading=\"lazy\" decoding=\"async\" class=\"img-with-animation skip-lazy logodesprenoi\" data-delay=\"0\" height=\"342\" width=\"1024\" data-animation=\"none\" src=\"https:\/\/gladiatorchallenge.md\/wp-content\/uploads\/2024\/02\/logo-1024x342.png\" alt=\"\" srcset=\"https:\/\/gladiatorchallenge.md\/wp-content\/uploads\/2024\/02\/logo-1024x342.png 1024w, https:\/\/gladiatorchallenge.md\/wp-content\/uploads\/2024\/02\/logo-300x100.png 300w, https:\/\/gladiatorchallenge.md\/wp-content\/uploads\/2024\/02\/logo-768x256.png 768w, https:\/\/gladiatorchallenge.md\/wp-content\/uploads\/2024\/02\/logo-1536x513.png 1536w, https:\/\/gladiatorchallenge.md\/wp-content\/uploads\/2024\/02\/logo-2048x684.png 2048w, https:\/\/gladiatorchallenge.md\/wp-content\/uploads\/2024\/02\/logo-18x6.png 18w\" sizes=\"(max-width: 1024px) 100vw, 1024px\" \/>\n          <\/div>\n        <\/div>\n      <\/div>\n    <\/div>\n\t\t\t<\/div> \n\t\t<\/div>\n\t<\/div> \n<\/div><\/div>\n\t\t<div id=\"fws_69fb4bc6c10fa\"  data-column-margin=\"default\" data-midnight=\"light\"  class=\"wpb_row vc_row-fluid vc_row full-width-section\"  style=\"padding-top: 0px; padding-bottom: 0px; \"><div class=\"row-bg-wrap\" data-bg-animation=\"none\" data-bg-animation-delay=\"\" data-bg-overlay=\"false\"><div class=\"inner-wrap row-bg-layer using-image\" ><div class=\"row-bg viewport-desktop using-image\"  style=\"background-image: url(https:\/\/gladiatorchallenge.md\/wp-content\/uploads\/2024\/02\/50-molnii-serialdespre-noi.png); background-position: left top; background-repeat: no-repeat; \"><\/div><\/div><div class=\"row-bg-overlay row-bg-layer\" style=\"background:linear-gradient(180deg, rgb(0,0,0) 0%, #000 0%, rgba(0, 0, 0, 0) 36%, rgba(0, 0, 0, 0) 62%, rgb(0,0,0) 100%);\"><\/div><\/div><div class=\"row_col_wrap_12 col span_12 light left\">\n\t<div  class=\"vc_col-sm-12 wpb_column column_container vc_column_container col no-extra-padding inherit_tablet inherit_phone\"  data-padding-pos=\"all\" data-has-bg-color=\"false\" data-bg-color=\"\" data-bg-opacity=\"1\" data-animation=\"\" data-delay=\"0\" >\n\t\t<div class=\"vc_column-inner\" >\n\t\t\t<div class=\"wpb_wrapper\">\n\t\t\t\t\n<div class=\"wpb_text_column wpb_content_element\" >\n\t<div class=\"wpb_wrapper\">\n\t\t<h2 class=\" translation-block\">\u041e\u0422\u041a\u0423\u0414\u0410 \u0412\u0417\u042f\u041b\u0410\u0421\u042c <span style=\"color: #ff000f\">\u0418\u0414\u0415\u042f?<\/span><\/h2>\n\t<\/div>\n<\/div>\n\n\n\n\n<div class=\"wpb_text_column wpb_content_element\" >\n\t<div class=\"wpb_wrapper\">\n\t\t<p>\u0412 \u043c\u043e\u043d\u043e\u0442\u043e\u043d\u043d\u043e\u043c \u0438 \u0436\u0435\u0441\u0442\u043a\u043e\u043c \u043c\u0438\u0440\u0435 \u043c\u044b \u043f\u043e\u0447\u0443\u0432\u0441\u0442\u0432\u043e\u0432\u0430\u043b\u0438 \u043d\u0435\u043e\u0431\u0445\u043e\u0434\u0438\u043c\u043e\u0441\u0442\u044c \u0438\u043d\u0442\u0435\u0433\u0440\u0438\u0440\u043e\u0432\u0430\u0442\u044c \u044d\u043b\u0435\u043c\u0435\u043d\u0442, \u043a\u043e\u0442\u043e\u0440\u044b\u0439 \u0437\u0430\u0441\u0442\u0430\u0432\u0438\u043b \u0431\u044b \u043b\u044e\u0434\u0435\u0439 \u0432\u044b\u0439\u0442\u0438 \u0438\u0437 \u0437\u043e\u043d\u044b \u043a\u043e\u043c\u0444\u043e\u0440\u0442\u0430. \u041c\u044b \u0442\u0432\u0435\u0440\u0434\u043e \u0432\u0435\u0440\u0438\u043c \u0438 \u043f\u043e\u0434\u0434\u0435\u0440\u0436\u0438\u0432\u0430\u0435\u043c \u0438\u0434\u0435\u044e \u043e \u0442\u043e\u043c, \u0447\u0442\u043e \u0437\u0430\u0441\u0442\u043e\u0439 \u0432 \u0437\u043e\u043d\u0435 \u043a\u043e\u043c\u0444\u043e\u0440\u0442\u0430 \u043c\u043e\u0436\u0435\u0442 \u0441\u0442\u0430\u0442\u044c \u0441\u0435\u0440\u044c\u0435\u0437\u043d\u044b\u043c \u043f\u0440\u0435\u043f\u044f\u0442\u0441\u0442\u0432\u0438\u0435\u043c \u0434\u043b\u044f \u043b\u0438\u0447\u043d\u043e\u0433\u043e \u0438 \u043f\u0440\u043e\u0444\u0435\u0441\u0441\u0438\u043e\u043d\u0430\u043b\u044c\u043d\u043e\u0433\u043e \u0440\u0430\u0437\u0432\u0438\u0442\u0438\u044f. Gladiator Challenge \u041c\u043e\u043b\u0434\u043e\u0432\u0430 \u0440\u043e\u0434\u0438\u043b\u0430\u0441\u044c \u0438\u0437 \u044d\u0442\u043e\u0433\u043e \u0433\u043b\u0443\u0431\u043e\u043a\u043e\u0433\u043e \u0443\u0431\u0435\u0436\u0434\u0435\u043d\u0438\u044f. <span style=\"color: #ff000f;\">\u041f\u0435\u0440\u0432\u043e\u0435 \u0438 \u0435\u0434\u0438\u043d\u0441\u0442\u0432\u0435\u043d\u043d\u043e\u0435 \u0441\u043f\u043e\u0440\u0442\u0438\u0432\u043d\u043e\u0435 \u0448\u043e\u0443 \u0432 \u0441\u0442\u0440\u0430\u043d\u0435<\/span> \u043a\u043e\u0442\u043e\u0440\u044b\u0439 \u043f\u0440\u0435\u0434\u0441\u0442\u0430\u0432\u043b\u044f\u0435\u0442 \u0441\u043e\u0431\u043e\u0439 \u0432\u044b\u0437\u043e\u0432 \u0434\u043b\u044f \u0432\u0441\u0435\u0445 \u0441\u043f\u043e\u0440\u0442\u0441\u043c\u0435\u043d\u043e\u0432 \u0420\u0435\u0441\u043f\u0443\u0431\u043b\u0438\u043a\u0438 \u041c\u043e\u043b\u0434\u043e\u0432\u0430.<\/p>\n\t<\/div>\n<\/div>\n\n\n\n\n<div class=\"wpb_text_column wpb_content_element\" >\n\t<div class=\"wpb_wrapper\">\n\t\t<p>Gladiator Challenge \u2013 \u044d\u0442\u043e \u043d\u0435 \u043f\u0440\u043e\u0441\u0442\u043e \u0441\u043f\u043e\u0440\u0442\u0438\u0432\u043d\u043e\u0435 \u043c\u0435\u0440\u043e\u043f\u0440\u0438\u044f\u0442\u0438\u0435, \u0430 \u043f\u0440\u043e\u044f\u0432\u043b\u0435\u043d\u0438\u0435 \u043c\u0443\u0436\u0435\u0441\u0442\u0432\u0430, \u0440\u0435\u0448\u0438\u0442\u0435\u043b\u044c\u043d\u043e\u0441\u0442\u0438 \u0438 \u0441\u0442\u0440\u0435\u043c\u043b\u0435\u043d\u0438\u044f \u043f\u0440\u0435\u043e\u0434\u043e\u043b\u0435\u0442\u044c \u043e\u0433\u0440\u0430\u043d\u0438\u0447\u0435\u043d\u0438\u044f, \u043d\u0430\u043b\u0430\u0433\u0430\u0435\u043c\u044b\u0435 \u0440\u0443\u0442\u0438\u043d\u043e\u0439. \u041c\u044b \u0441\u043e\u0437\u0434\u0430\u043b\u0438 \u044d\u0442\u043e \u0441\u043e\u0440\u0435\u0432\u043d\u043e\u0432\u0430\u043d\u0438\u0435, \u0447\u0442\u043e\u0431\u044b \u043f\u0440\u0435\u0434\u043e\u0441\u0442\u0430\u0432\u0438\u0442\u044c \u0441\u043f\u043e\u0440\u0442\u0441\u043c\u0435\u043d\u0430\u043c \u0438 \u0437\u0440\u0438\u0442\u0435\u043b\u044f\u043c \u043e\u043f\u044b\u0442, \u043a\u043e\u0442\u043e\u0440\u044b\u0439 \u043f\u043e\u0437\u0432\u043e\u043b\u0438\u0442 \u0438\u043c \u043f\u0440\u0435\u043e\u0434\u043e\u043b\u0435\u0442\u044c \u0431\u0430\u0440\u044c\u0435\u0440\u044b, \u043a\u043e\u0442\u043e\u0440\u044b\u0435 \u043e\u043d\u0438 \u0441\u0430\u043c\u0438 \u0441\u0435\u0431\u0435 \u0443\u0441\u0442\u0430\u043d\u043e\u0432\u0438\u043b\u0438, \u0438 \u043f\u043e\u0437\u0432\u043e\u043b\u0438\u0442 \u0438\u043c \u0440\u0430\u0441\u043a\u0440\u044b\u0442\u044c \u0441\u0432\u043e\u0439 \u0431\u0435\u0437\u0433\u0440\u0430\u043d\u0438\u0447\u043d\u044b\u0439 \u043f\u043e\u0442\u0435\u043d\u0446\u0438\u0430\u043b.<\/p>\n\t<\/div>\n<\/div>\n\n\n\n\n\t\t\t<\/div> \n\t\t<\/div>\n\t<\/div> \n\n\t<div style=\"margin-top: 5%; margin-bottom: 5%; \" class=\"vc_col-sm-12 wpb_column column_container vc_column_container col no-extra-padding inherit_tablet inherit_phone\"  data-padding-pos=\"all\" data-has-bg-color=\"false\" data-bg-color=\"\" data-bg-opacity=\"1\" data-animation=\"\" data-delay=\"0\" >\n\t\t<div class=\"vc_column-inner\" >\n\t\t\t<div class=\"wpb_wrapper\">\n\t\t\t\t\n\t<div class=\"wpb_video_widget wpb_content_element vc_clearfix   vc_video-aspect-ratio-169 vc_video-el-width-60 vc_video-align-center\" >\n\t\t<div class=\"wpb_wrapper\">\n\t\t\t\n\t\t\t<div class=\"wpb_video_wrapper\"><iframe loading=\"lazy\" title=\"Gladiator Challenge Moldova - De unde vine ideea ? Care este scopul competi\u021biei ? 100.000 lei\" width=\"1080\" height=\"608\" src=\"https:\/\/www.youtube.com\/embed\/48t8N0iv6r0?feature=oembed\" frameborder=\"0\" allow=\"accelerometer; autoplay; clipboard-write; encrypted-media; gyroscope; picture-in-picture; web-share\" allowfullscreen><\/iframe><\/div>\n\t\t<\/div>\n\t<\/div>\n\n\t\t\t<\/div> \n\t\t<\/div>\n\t<\/div> \n\n\t<div style=\"margin-bottom: 5%; \" class=\"vc_col-sm-12 wpb_column column_container vc_column_container col no-extra-padding inherit_tablet inherit_phone\"  data-padding-pos=\"all\" data-has-bg-color=\"false\" data-bg-color=\"\" data-bg-opacity=\"1\" data-animation=\"\" data-delay=\"0\" >\n\t\t<div class=\"vc_column-inner\" >\n\t\t\t<div class=\"wpb_wrapper\">\n\t\t\t\t\n<div class=\"wpb_text_column wpb_content_element\" >\n\t<div class=\"wpb_wrapper\">\n\t\t<h2 class=\" translation-block\">\u0427\u0422\u041e \u0422\u0410\u041a\u041e\u0415 <span style=\"color: #ff000f\">\u041c\u0418\u0421\u0421\u0418\u042f?<\/span><\/h2>\n\t<\/div>\n<\/div>\n\n\n\n\n<div class=\"wpb_text_column wpb_content_element\" >\n\t<div class=\"wpb_wrapper\">\n\t\t<p>\u041d\u0430\u0448\u0430 \u043c\u0438\u0441\u0441\u0438\u044f \u2014 \u0434\u0430\u0442\u044c \u0441\u043f\u043e\u0440\u0442\u0441\u043c\u0435\u043d\u0430\u043c \u0432\u043e\u0437\u043c\u043e\u0436\u043d\u043e\u0441\u0442\u044c \u043f\u0440\u043e\u0432\u0435\u0440\u0438\u0442\u044c \u0441\u0432\u043e\u0438 \u0432\u043e\u0437\u043c\u043e\u0436\u043d\u043e\u0441\u0442\u0438 \u0438 \u0440\u0430\u0437\u0432\u0438\u0442\u044c \u0441\u0432\u043e\u0438 \u043d\u0430\u0432\u044b\u043a\u0438 \u043d\u0435\u0437\u0430\u0432\u0438\u0441\u0438\u043c\u043e \u043e\u0442 \u0432\u0438\u0434\u0430 \u0441\u043f\u043e\u0440\u0442\u0430, \u043f\u043e\u043b\u0430 \u0438\u043b\u0438 \u0432\u043e\u0437\u0440\u0430\u0441\u0442\u0430, \u0442\u0435\u043c \u0441\u0430\u043c\u044b\u043c \u0432\u0434\u043e\u0445\u043d\u043e\u0432\u043b\u044f\u044f \u043f\u043e\u043a\u043e\u043b\u0435\u043d\u0438\u044f \u0441\u043f\u043e\u0440\u0442\u0441\u043c\u0435\u043d\u043e\u0432.<br \/>\n\u041c\u044b \u0437\u0434\u0435\u0441\u044c, \u0447\u0442\u043e\u0431\u044b \u0432\u0434\u043e\u0445\u043d\u043e\u0432\u043b\u044f\u0442\u044c \u0438 \u043c\u043e\u0442\u0438\u0432\u0438\u0440\u043e\u0432\u0430\u0442\u044c \u043b\u044e\u0434\u0435\u0439 \u043f\u0440\u0435\u043e\u0434\u043e\u043b\u0435\u0432\u0430\u0442\u044c \u0441\u0432\u043e\u0438 \u0441\u0442\u0440\u0430\u0445\u0438, \u0440\u0430\u0441\u043a\u0440\u044b\u0432\u0430\u0442\u044c \u0441\u0432\u043e\u044e \u0432\u043d\u0443\u0442\u0440\u0435\u043d\u043d\u044e\u044e \u0441\u0438\u043b\u0443 \u0438 \u0434\u043e\u0441\u0442\u0438\u0433\u0430\u0442\u044c \u0441\u0432\u043e\u0438\u0445 \u0446\u0435\u043b\u0435\u0439, \u043a\u0430\u043a\u0438\u043c\u0438 \u0431\u044b \u0431\u043e\u043b\u044c\u0448\u0438\u043c\u0438 \u0438\u043b\u0438 \u043d\u0430 \u043f\u0435\u0440\u0432\u044b\u0439 \u0432\u0437\u0433\u043b\u044f\u0434 \u043d\u0430\u0434\u0443\u043c\u0430\u043d\u043d\u044b\u043c\u0438 \u043e\u043d\u0438 \u043d\u0438 \u043a\u0430\u0437\u0430\u043b\u0438\u0441\u044c.<\/p>\n\t<\/div>\n<\/div>\n\n\n\n\n\t\t\t<\/div> \n\t\t<\/div>\n\t<\/div> \n<\/div><\/div>\n\t\t<div id=\"fws_69fb4bc6c1f14\"  data-column-margin=\"default\" data-midnight=\"light\"  class=\"wpb_row vc_row-fluid vc_row\"  style=\"padding-top: 0px; padding-bottom: 0px; \"><div class=\"row-bg-wrap\" data-bg-animation=\"none\" data-bg-animation-delay=\"\" data-bg-overlay=\"false\"><div class=\"inner-wrap row-bg-layer\" ><div class=\"row-bg viewport-desktop\"  style=\"\"><\/div><\/div><\/div><div class=\"row_col_wrap_12 col span_12 light left\">\n\t<div  class=\"vc_col-sm-12 wpb_column column_container vc_column_container col no-extra-padding inherit_tablet inherit_phone\"  data-padding-pos=\"all\" data-has-bg-color=\"false\" data-bg-color=\"\" data-bg-opacity=\"1\" data-animation=\"\" data-delay=\"0\" >\n\t\t<div class=\"vc_column-inner\" >\n\t\t\t<div class=\"wpb_wrapper\">\n\t\t\t\t\n<div class=\"wpb_text_column wpb_content_element\" >\n\t<div class=\"wpb_wrapper\">\n\t\t<h2 class=\" translation-block\">\u0427\u0422\u041e \u0422\u0410\u041a\u041e\u0415 <span style=\"color: #ff000f\">\u0412\u0418\u0414\u0415\u041d\u0418\u0415?<\/span><\/h2>\n\t<\/div>\n<\/div>\n\n\n\n\n<div class=\"wpb_text_column wpb_content_element\" >\n\t<div class=\"wpb_wrapper\">\n\t\t<p>\u041c\u044b \u0441\u0442\u0440\u0435\u043c\u0438\u043c\u0441\u044f \u0431\u044b\u0442\u044c \u0431\u043e\u043b\u044c\u0448\u0435, \u0447\u0435\u043c \u043f\u0440\u043e\u0441\u0442\u043e \u0441\u043e\u0440\u0435\u0432\u043d\u043e\u0432\u0430\u043d\u0438\u0435\u043c. \u041c\u0435\u0441\u0442\u043e, \u0433\u0434\u0435 \u043a\u0430\u0436\u0434\u044b\u0439 \u0448\u0430\u0433 \u0438\u043c\u0435\u0435\u0442 \u0437\u043d\u0430\u0447\u0435\u043d\u0438\u0435, \u0430 \u043a\u0430\u0436\u0434\u043e\u0435 \u043f\u0440\u0435\u043f\u044f\u0442\u0441\u0442\u0432\u0438\u0435 \u2014 \u044d\u0442\u043e \u0432\u043e\u0437\u043c\u043e\u0436\u043d\u043e\u0441\u0442\u044c \u0443\u0447\u0438\u0442\u044c\u0441\u044f \u0438 \u0440\u0430\u0437\u0432\u0438\u0432\u0430\u0442\u044c\u0441\u044f. \u041c\u044b \u0445\u043e\u0442\u0438\u043c \u0441\u043e\u0437\u0434\u0430\u0442\u044c \u0441\u043e\u043e\u0431\u0449\u0435\u0441\u0442\u0432\u043e \u0441\u043f\u043e\u0440\u0442\u0441\u043c\u0435\u043d\u043e\u0432, \u043f\u0440\u043e\u043f\u0430\u0433\u0430\u043d\u0434\u0438\u0440\u0443\u044e\u0449\u0438\u0445 \u0438 \u043f\u043e\u043e\u0449\u0440\u044f\u044e\u0449\u0438\u0445 \u0437\u0434\u043e\u0440\u043e\u0432\u044b\u0439 \u043e\u0431\u0440\u0430\u0437 \u0436\u0438\u0437\u043d\u0438. \u0422\u0430\u043a\u0438\u043c \u043e\u0431\u0440\u0430\u0437\u043e\u043c, \u043c\u044b \u043f\u0440\u0435\u0432\u0440\u0430\u0442\u0438\u043c \u0441\u0442\u0440\u0430\u0441\u0442\u044c \u043a \u0441\u043f\u043e\u0440\u0442\u0443 \u0432 \u043a\u0430\u0442\u0430\u043b\u0438\u0437\u0430\u0442\u043e\u0440 \u0436\u0438\u0437\u043d\u0438, \u043f\u043e\u043b\u043d\u043e\u0439 \u044d\u043d\u0435\u0440\u0433\u0438\u0438 \u0438 \u0443\u0441\u043f\u0435\u0445\u0430, \u0433\u0434\u0435 \u043a\u0430\u0436\u0434\u044b\u0439 \u0448\u0430\u0433 \u0438\u043c\u0435\u0435\u0442 \u0437\u043d\u0430\u0447\u0435\u043d\u0438\u0435, \u0430 \u043a\u0430\u0436\u0434\u043e\u0435 \u043f\u0440\u0435\u043f\u044f\u0442\u0441\u0442\u0432\u0438\u0435 \u2014 \u044d\u0442\u043e \u0432\u043e\u0437\u043c\u043e\u0436\u043d\u043e\u0441\u0442\u044c \u0443\u0447\u0438\u0442\u044c\u0441\u044f \u0438 \u0440\u0430\u0437\u0432\u0438\u0432\u0430\u0442\u044c\u0441\u044f.<\/p>\n\t<\/div>\n<\/div>\n\n\n\n\n\t\t\t<\/div> \n\t\t<\/div>\n\t<\/div> \n<\/div><\/div>","protected":false},"excerpt":{"rendered":"DE UNDE VINE IDEEA? \u00centr-o lume monoton\u0103 \u0219i plin\u0103 de rigiditate, am sim\u021bit necesitatea integr\u0103rii unui element care s\u0103 provoace oamenii s\u0103 ias\u0103 din zona lor de confort. Suntem ferm...","protected":false},"author":3,"featured_media":0,"parent":0,"menu_order":0,"comment_status":"closed","ping_status":"closed","template":"","meta":{"footnotes":""},"_links":{"self":[{"href":"https:\/\/gladiatorchallenge.md\/ru\/wp-json\/wp\/v2\/pages\/3388"}],"collection":[{"href":"https:\/\/gladiatorchallenge.md\/ru\/wp-json\/wp\/v2\/pages"}],"about":[{"href":"https:\/\/gladiatorchallenge.md\/ru\/wp-json\/wp\/v2\/types\/page"}],"author":[{"embeddable":true,"href":"https:\/\/gladiatorchallenge.md\/ru\/wp-json\/wp\/v2\/users\/3"}],"replies":[{"embeddable":true,"href":"https:\/\/gladiatorchallenge.md\/ru\/wp-json\/wp\/v2\/comments?post=3388"}],"version-history":[{"count":21,"href":"https:\/\/gladiatorchallenge.md\/ru\/wp-json\/wp\/v2\/pages\/3388\/revisions"}],"predecessor-version":[{"id":3619,"href":"https:\/\/gladiatorchallenge.md\/ru\/wp-json\/wp\/v2\/pages\/3388\/revisions\/3619"}],"wp:attachment":[{"href":"https:\/\/gladiatorchallenge.md\/ru\/wp-json\/wp\/v2\/media?parent=3388"}],"curies":[{"name":"wp","href":"https:\/\/api.w.org\/{rel}","templated":true}]}}